{"id":1136,"date":"2021-03-09T16:35:36","date_gmt":"2021-03-09T16:35:36","guid":{"rendered":"http:\/\/127.0.0.1\/wordpress\/?page_id=1136"},"modified":"2021-09-27T13:20:23","modified_gmt":"2021-09-27T13:20:23","slug":"noticias","status":"publish","type":"page","link":"https:\/\/royalcollege.pt\/en\/noticias\/","title":{"rendered":"News"},"content":{"rendered":"<div data-elementor-type=\"wp-page\" data-elementor-id=\"1136\" class=\"elementor elementor-1136\" data-elementor-post-type=\"page\">\n\t\t\t\t\t\t<section class=\"elementor-section elementor-top-section elementor-element elementor-element-33818e1c elementor-section-full_width elementor-section-height-default elementor-section-height-default\" data-id=\"33818e1c\" data-element_type=\"section\" data-e-type=\"section\" data-settings=\"{&quot;background_background&quot;:&quot;classic&quot;}\">\n\t\t\t\t\t\t\t<div class=\"elementor-background-overlay\"><\/div>\n\t\t\t\t\t\t\t<div class=\"elementor-container elementor-column-gap-no\">\n\t\t\t\t\t<div class=\"elementor-column elementor-col-100 elementor-top-column elementor-element elementor-element-25bb46f3\" data-id=\"25bb46f3\" data-element_type=\"column\" data-e-type=\"column\">\n\t\t\t<div class=\"elementor-widget-wrap elementor-element-populated\">\n\t\t\t\t\t\t<div class=\"elementor-element elementor-element-2c551e1a elementor-widget elementor-widget-heading\" data-id=\"2c551e1a\" data-element_type=\"widget\" data-e-type=\"widget\" data-widget_type=\"heading.default\">\n\t\t\t\t<div class=\"elementor-widget-container\">\n\t\t\t\t\t<h2 class=\"elementor-heading-title elementor-size-default\">Royal news<\/h2>\t\t\t\t<\/div>\n\t\t\t\t<\/div>\n\t\t\t\t<div class=\"elementor-element elementor-element-2c80e9bd elementor-widget-divider--view-line elementor-widget elementor-widget-divider\" data-id=\"2c80e9bd\" data-element_type=\"widget\" data-e-type=\"widget\" data-widget_type=\"divider.default\">\n\t\t\t\t<div class=\"elementor-widget-container\">\n\t\t\t\t\t\t\t<div class=\"elementor-divider\">\n\t\t\t<span class=\"elementor-divider-separator\">\n\t\t\t\t\t\t<\/span>\n\t\t<\/div>\n\t\t\t\t\t\t<\/div>\n\t\t\t\t<\/div>\n\t\t\t\t\t<\/div>\n\t\t<\/div>\n\t\t\t\t\t<\/div>\n\t\t<\/section>\n\t\t\t\t<section class=\"elementor-section elementor-top-section elementor-element elementor-element-2f9abad6 elementor-section-height-min-height elementor-section-boxed elementor-section-height-default elementor-section-items-middle\" data-id=\"2f9abad6\" data-element_type=\"section\" data-e-type=\"section\" data-settings=\"{&quot;background_background&quot;:&quot;classic&quot;}\">\n\t\t\t\t\t\t<div class=\"elementor-container elementor-column-gap-default\">\n\t\t\t\t\t<div class=\"elementor-column elementor-col-100 elementor-top-column elementor-element elementor-element-b175fc6\" data-id=\"b175fc6\" data-element_type=\"column\" data-e-type=\"column\">\n\t\t\t<div class=\"elementor-widget-wrap elementor-element-populated\">\n\t\t\t\t\t\t<div class=\"elementor-element elementor-element-6066c296 elementor-grid-1 elementor-posts--thumbnail-left elementor-posts--align-left elementor-grid-tablet-1 elementor-grid-mobile-1 elementor-widget elementor-widget-posts\" data-id=\"6066c296\" data-element_type=\"widget\" data-e-type=\"widget\" data-settings=\"{&quot;classic_columns&quot;:&quot;1&quot;,&quot;classic_row_gap&quot;:{&quot;unit&quot;:&quot;px&quot;,&quot;size&quot;:&quot;60&quot;,&quot;sizes&quot;:[]},&quot;classic_columns_tablet&quot;:&quot;1&quot;,&quot;pagination_type&quot;:&quot;numbers_and_prev_next&quot;,&quot;classic_columns_mobile&quot;:&quot;1&quot;,&quot;classic_row_gap_tablet&quot;:{&quot;unit&quot;:&quot;px&quot;,&quot;size&quot;:&quot;&quot;,&quot;sizes&quot;:[]},&quot;classic_row_gap_mobile&quot;:{&quot;unit&quot;:&quot;px&quot;,&quot;size&quot;:&quot;&quot;,&quot;sizes&quot;:[]}}\" data-widget_type=\"posts.classic\">\n\t\t\t\t<div class=\"elementor-widget-container\">\n\t\t\t\t\t\t\t<div class=\"elementor-posts-container elementor-posts elementor-posts--skin-classic elementor-grid\">\n\t\t\t\t<article class=\"elementor-post elementor-grid-item post-3590 post type-post status-publish format-standard hentry category-uncategorized\">\n\t\t\t\t<div class=\"elementor-post__text\">\n\t\t\t\t<h3 class=\"elementor-post__title\">\n\t\t\t<a href=\"https:\/\/royalcollege.pt\/en\/brussels-and-bruges-2024\/\">\n\t\t\t\tBrussels and Bruges 2024\t\t\t<\/a>\n\t\t<\/h3>\n\t\t\t\t<div class=\"elementor-post__meta-data\">\n\t\t\t\t\t<span class=\"elementor-post-author\">\n\t\t\tadministracao\t\t<\/span>\n\t\t\t\t<span class=\"elementor-post-date\">\n\t\t\t15\/05\/2024\t\t<\/span>\n\t\t\t\t<\/div>\n\t\t\t\t<div class=\"elementor-post__excerpt\">\n\t\t\t<p>Some photos from our trip, come and see!<\/p>\n\t\t<\/div>\n\t\t\n\t\t<a class=\"elementor-post__read-more\" href=\"https:\/\/royalcollege.pt\/en\/brussels-and-bruges-2024\/\" aria-label=\"Read more about Brussels and Bruges 2024\" tabindex=\"-1\">\n\t\t\tLer Mais\t\t<\/a>\n\n\t\t\t\t<\/div>\n\t\t\t\t<\/article>\n\t\t\t\t<article class=\"elementor-post elementor-grid-item post-2913 post type-post status-publish format-standard hentry category-uncategorized\">\n\t\t\t\t<div class=\"elementor-post__text\">\n\t\t\t\t<h3 class=\"elementor-post__title\">\n\t\t\t<a href=\"https:\/\/royalcollege.pt\/en\/2913-2\/\">\n\t\t\t\tINSCRI\u00c7\u00d5ES ABERTAS 2023\/2024\t\t\t<\/a>\n\t\t<\/h3>\n\t\t\t\t<div class=\"elementor-post__meta-data\">\n\t\t\t\t\t<span class=\"elementor-post-author\">\n\t\t\tadministracao\t\t<\/span>\n\t\t\t\t<span class=\"elementor-post-date\">\n\t\t\t05\/06\/2023\t\t<\/span>\n\t\t\t\t<\/div>\n\t\t\t\t<div class=\"elementor-post__excerpt\">\n\t\t\t<p>A Royal College tem o prazer de informar que j\u00e1 se encontram dispon\u00edveis as inscri\u00e7\u00f5es do pr\u00f3ximo ano letivo, deve dirigir se a secretaria para<\/p>\n\t\t<\/div>\n\t\t\n\t\t<a class=\"elementor-post__read-more\" href=\"https:\/\/royalcollege.pt\/en\/2913-2\/\" aria-label=\"Read more about INSCRI\u00c7\u00d5ES ABERTAS 2023\/2024\" tabindex=\"-1\">\n\t\t\tLer Mais\t\t<\/a>\n\n\t\t\t\t<\/div>\n\t\t\t\t<\/article>\n\t\t\t\t<article class=\"elementor-post elementor-grid-item post-2909 post type-post status-publish format-image hentry category-escola post_format-post-format-image\">\n\t\t\t\t<div class=\"elementor-post__text\">\n\t\t\t\t<h3 class=\"elementor-post__title\">\n\t\t\t<a href=\"https:\/\/royalcollege.pt\/en\/chegaram-os-cursos-de-verao-2023\/\">\n\t\t\t\tcursos de ver\u00e3o 2023!\t\t\t<\/a>\n\t\t<\/h3>\n\t\t\t\t<div class=\"elementor-post__meta-data\">\n\t\t\t\t\t<span class=\"elementor-post-author\">\n\t\t\tadministracao\t\t<\/span>\n\t\t\t\t<span class=\"elementor-post-date\">\n\t\t\t05\/06\/2023\t\t<\/span>\n\t\t\t\t<\/div>\n\t\t\t\t<div class=\"elementor-post__excerpt\">\n\t\t\t\t\t<\/div>\n\t\t\n\t\t<a class=\"elementor-post__read-more\" href=\"https:\/\/royalcollege.pt\/en\/chegaram-os-cursos-de-verao-2023\/\" aria-label=\"Read more about cursos de ver\u00e3o 2023!\" tabindex=\"-1\">\n\t\t\tLer Mais\t\t<\/a>\n\n\t\t\t\t<\/div>\n\t\t\t\t<\/article>\n\t\t\t\t<article class=\"elementor-post elementor-grid-item post-2800 post type-post status-publish format-standard hentry category-uncategorized\">\n\t\t\t\t<div class=\"elementor-post__text\">\n\t\t\t\t<h3 class=\"elementor-post__title\">\n\t\t\t<a href=\"https:\/\/royalcollege.pt\/en\/a-royal-college-foi-ate-budapest\/\">\n\t\t\t\tA royal college foi at\u00e9 budapest!\t\t\t<\/a>\n\t\t<\/h3>\n\t\t\t\t<div class=\"elementor-post__meta-data\">\n\t\t\t\t\t<span class=\"elementor-post-author\">\n\t\t\tadministracao\t\t<\/span>\n\t\t\t\t<span class=\"elementor-post-date\">\n\t\t\t03\/05\/2023\t\t<\/span>\n\t\t\t\t<\/div>\n\t\t\t\t<div class=\"elementor-post__excerpt\">\n\t\t\t<p>Em 2023 o destino escolhido foi BUDAPEST, partilhamos agora alguns momentos vividos! Esperemos que gostem tanto quanto n\u00f3s!<\/p>\n\t\t<\/div>\n\t\t\n\t\t<a class=\"elementor-post__read-more\" href=\"https:\/\/royalcollege.pt\/en\/a-royal-college-foi-ate-budapest\/\" aria-label=\"Read more about A royal college foi at\u00e9 budapest!\" tabindex=\"-1\">\n\t\t\tLer Mais\t\t<\/a>\n\n\t\t\t\t<\/div>\n\t\t\t\t<\/article>\n\t\t\t\t<article class=\"elementor-post elementor-grid-item post-2594 post type-post status-publish format-standard has-post-thumbnail hentry category-escola category-eventos\">\n\t\t\t\t<a class=\"elementor-post__thumbnail__link\" href=\"https:\/\/royalcollege.pt\/en\/momentos-especiais\/\" tabindex=\"-1\">\n\t\t\t<div class=\"elementor-post__thumbnail\"><img fetchpriority=\"high\" decoding=\"async\" width=\"240\" height=\"320\" src=\"https:\/\/royalcollege.pt\/wp-content\/uploads\/2023\/03\/334263321_121025587579910_8827823096854577817_n-1.jpg\" class=\"attachment-full size-full wp-image-2561\" alt=\"\" srcset=\"https:\/\/royalcollege.pt\/wp-content\/uploads\/2023\/03\/334263321_121025587579910_8827823096854577817_n-1.jpg 240w, https:\/\/royalcollege.pt\/wp-content\/uploads\/2023\/03\/334263321_121025587579910_8827823096854577817_n-1-225x300.jpg 225w, https:\/\/royalcollege.pt\/wp-content\/uploads\/2023\/03\/334263321_121025587579910_8827823096854577817_n-1-9x12.jpg 9w\" sizes=\"(max-width: 240px) 100vw, 240px\" \/><\/div>\n\t\t<\/a>\n\t\t\t\t<div class=\"elementor-post__text\">\n\t\t\t\t<h3 class=\"elementor-post__title\">\n\t\t\t<a href=\"https:\/\/royalcollege.pt\/en\/momentos-especiais\/\">\n\t\t\t\tMomentos especiais!\t\t\t<\/a>\n\t\t<\/h3>\n\t\t\t\t<div class=\"elementor-post__meta-data\">\n\t\t\t\t\t<span class=\"elementor-post-author\">\n\t\t\troyal\t\t<\/span>\n\t\t\t\t<span class=\"elementor-post-date\">\n\t\t\t01\/03\/2023\t\t<\/span>\n\t\t\t\t<\/div>\n\t\t\t\t<div class=\"elementor-post__excerpt\">\n\t\t\t<p>Aqui partilhamos fotos de momentos especiais vividos na nossa escola, esperemos que gostem tanto como n\u00f3s! O NOSSO VALENTINE\u00b4S DAY 2023<\/p>\n\t\t<\/div>\n\t\t\n\t\t<a class=\"elementor-post__read-more\" href=\"https:\/\/royalcollege.pt\/en\/momentos-especiais\/\" aria-label=\"Read more about Momentos especiais!\" tabindex=\"-1\">\n\t\t\tLer Mais\t\t<\/a>\n\n\t\t\t\t<\/div>\n\t\t\t\t<\/article>\n\t\t\t\t<article class=\"elementor-post elementor-grid-item post-2528 post type-post status-publish format-standard has-post-thumbnail hentry category-uncategorized\">\n\t\t\t\t<a class=\"elementor-post__thumbnail__link\" href=\"https:\/\/royalcollege.pt\/en\/dicas\/\" tabindex=\"-1\">\n\t\t\t<div class=\"elementor-post__thumbnail\"><img decoding=\"async\" width=\"563\" height=\"797\" src=\"https:\/\/royalcollege.pt\/wp-content\/uploads\/2023\/02\/c4a7d5a5133a42946f9a8036266e0079.jpg\" class=\"attachment-full size-full wp-image-2739\" alt=\"\" srcset=\"https:\/\/royalcollege.pt\/wp-content\/uploads\/2023\/02\/c4a7d5a5133a42946f9a8036266e0079.jpg 563w, https:\/\/royalcollege.pt\/wp-content\/uploads\/2023\/02\/c4a7d5a5133a42946f9a8036266e0079-212x300.jpg 212w, https:\/\/royalcollege.pt\/wp-content\/uploads\/2023\/02\/c4a7d5a5133a42946f9a8036266e0079-8x12.jpg 8w\" sizes=\"(max-width: 563px) 100vw, 563px\" \/><\/div>\n\t\t<\/a>\n\t\t\t\t<div class=\"elementor-post__text\">\n\t\t\t\t<h3 class=\"elementor-post__title\">\n\t\t\t<a href=\"https:\/\/royalcollege.pt\/en\/dicas\/\">\n\t\t\t\tdicas da royal college!\t\t\t<\/a>\n\t\t<\/h3>\n\t\t\t\t<div class=\"elementor-post__meta-data\">\n\t\t\t\t\t<span class=\"elementor-post-author\">\n\t\t\tadministracao\t\t<\/span>\n\t\t\t\t<span class=\"elementor-post-date\">\n\t\t\t28\/02\/2023\t\t<\/span>\n\t\t\t\t<\/div>\n\t\t\t\t<div class=\"elementor-post__excerpt\">\n\t\t\t<p>AQUI TEMOS ALGUMAS DICAS QUE O PODEM AJUDAR NO DIA A DIA!<\/p>\n\t\t<\/div>\n\t\t\n\t\t<a class=\"elementor-post__read-more\" href=\"https:\/\/royalcollege.pt\/en\/dicas\/\" aria-label=\"Read more about dicas da royal college!\" tabindex=\"-1\">\n\t\t\tLer Mais\t\t<\/a>\n\n\t\t\t\t<\/div>\n\t\t\t\t<\/article>\n\t\t\t\t<article class=\"elementor-post elementor-grid-item post-2526 post type-post status-publish format-standard hentry category-escola\">\n\t\t\t\t<div class=\"elementor-post__text\">\n\t\t\t\t<h3 class=\"elementor-post__title\">\n\t\t\t<a href=\"https:\/\/royalcollege.pt\/en\/viagem-a-budapest-2023\/\">\n\t\t\t\tviagem a budapest 2023\t\t\t<\/a>\n\t\t<\/h3>\n\t\t\t\t<div class=\"elementor-post__meta-data\">\n\t\t\t\t\t<span class=\"elementor-post-author\">\n\t\t\tadministracao\t\t<\/span>\n\t\t\t\t<span class=\"elementor-post-date\">\n\t\t\t28\/02\/2023\t\t<\/span>\n\t\t\t\t<\/div>\n\t\t\t\t<div class=\"elementor-post__excerpt\">\n\t\t\t<p>22 a 26 de Abril Inscri\u00e7\u00f5es encerradas!<\/p>\n\t\t<\/div>\n\t\t\n\t\t<a class=\"elementor-post__read-more\" href=\"https:\/\/royalcollege.pt\/en\/viagem-a-budapest-2023\/\" aria-label=\"Read more about viagem a budapest 2023\" tabindex=\"-1\">\n\t\t\tLer Mais\t\t<\/a>\n\n\t\t\t\t<\/div>\n\t\t\t\t<\/article>\n\t\t\t\t<article class=\"elementor-post elementor-grid-item post-3551 post type-post status-publish format-standard hentry category-uncategorized\">\n\t\t\t\t<div class=\"elementor-post__text\">\n\t\t\t\t<h3 class=\"elementor-post__title\">\n\t\t\t<a href=\"https:\/\/royalcollege.pt\/en\/igry-kazino-onlajn-besplatn\/\">\n\t\t\t\t\u0418\u0433\u0440\u044b \u041a\u0430\u0437\u0438\u043d\u043e \u041e\u043d\u043b\u0430\u0439\u043d \u0411\u0435\u0441\u043f\u043b\u0430\u0442\u043d\t\t\t<\/a>\n\t\t<\/h3>\n\t\t\t\t<div class=\"elementor-post__meta-data\">\n\t\t\t\t\t<span class=\"elementor-post-author\">\n\t\t\tadministracao\t\t<\/span>\n\t\t\t\t<span class=\"elementor-post-date\">\n\t\t\t31\/12\/2022\t\t<\/span>\n\t\t\t\t<\/div>\n\t\t\t\t<div class=\"elementor-post__excerpt\">\n\t\t\t<p>\u0418\u0433\u0440\u044b \u041a\u0430\u0437\u0438\u043d\u043e \u041e\u043d\u043b\u0430\u0439\u043d \u0411\u0435\u0441\u043f\u043b\u0430\u0442\u043d\u043e &#8220;\u0441\u0430\u043c\u044b\u0435 \u041e\u043d\u043b\u0430\u0439\u043d \u041a\u0430\u0437\u0438\u043d\u043e \u0438 2024 \u0420\u0435\u0439\u0442\u0438\u043d\u0433 \u0422\u043e\u043f 10 \u0421\u0430\u0439\u0442\u043e\u0432 \u0434\u0434\u044f \u0418\u0433\u0440\u044b \u041d\u0430 \u0434\u0435\u043d\u044c\u0433\u0438 Content Drip Casino \u041a\u0430\u043a \u043d\u0430\u0447\u043d\u0435\u043c \u0418\u0433\u0440\u0430\u0442\u044c \u0412 \u041e\u043d\u043b\u0430\u0439\u043d-\u043a\u0430\u0437\u0438\u043d\u043e<\/p>\n\t\t<\/div>\n\t\t\n\t\t<a class=\"elementor-post__read-more\" href=\"https:\/\/royalcollege.pt\/en\/igry-kazino-onlajn-besplatn\/\" aria-label=\"Read more about \u0418\u0433\u0440\u044b \u041a\u0430\u0437\u0438\u043d\u043e \u041e\u043d\u043b\u0430\u0439\u043d \u0411\u0435\u0441\u043f\u043b\u0430\u0442\u043d\" tabindex=\"-1\">\n\t\t\tLer Mais\t\t<\/a>\n\n\t\t\t\t<\/div>\n\t\t\t\t<\/article>\n\t\t\t\t<\/div>\n\t\t\n\t\t\t\t<div class=\"e-load-more-anchor\" data-page=\"1\" data-max-page=\"2\" data-next-page=\"https:\/\/royalcollege.pt\/en\/wp-json\/wp\/v2\/pages\/1136\/page\/2\/\"><\/div>\n\t\t\t\t<nav class=\"elementor-pagination\" aria-label=\"Pagination\">\n\t\t\t<span class=\"page-numbers prev\">&laquo; Anterior<\/span>\n<span aria-current=\"page\" class=\"page-numbers current\"><span class=\"elementor-screen-only\">Page<\/span>1<\/span>\n<a class=\"page-numbers\" href=\"https:\/\/royalcollege.pt\/en\/wp-json\/wp\/v2\/pages\/1136\/page\/2\/\"><span class=\"elementor-screen-only\">Page<\/span>2<\/a>\n<a class=\"page-numbers next\" href=\"https:\/\/royalcollege.pt\/en\/wp-json\/wp\/v2\/pages\/1136\/page\/2\/\">Pr\u00f3xima &raquo;<\/a>\t\t<\/nav>\n\t\t\t\t\t\t<\/div>\n\t\t\t\t<\/div>\n\t\t\t\t\t<\/div>\n\t\t<\/div>\n\t\t\t\t\t<\/div>\n\t\t<\/section>\n\t\t\t\t<\/div>","protected":false},"excerpt":{"rendered":"<p>Royal news<\/p>","protected":false},"author":1,"featured_media":0,"parent":0,"menu_order":0,"comment_status":"closed","ping_status":"closed","template":"","meta":{"site-sidebar-layout":"no-sidebar","site-content-layout":"page-builder","ast-site-content-layout":"default","site-content-style":"default","site-sidebar-style":"default","ast-global-header-display":"","ast-banner-title-visibility":"","ast-main-header-display":"","ast-hfb-above-header-display":"","ast-hfb-below-header-display":"","ast-hfb-mobile-header-display":"","site-post-title":"disabled","ast-breadcrumbs-content":"","ast-featured-img":"disabled","footer-sml-layout":"","ast-disable-related-posts":"","theme-transparent-header-meta":"default","adv-header-id-meta":"","stick-header-meta":"","header-above-stick-meta":"","header-main-stick-meta":"","header-below-stick-meta":"","astra-migrate-meta-layouts":"default","ast-page-background-enabled":"default","ast-page-background-meta":{"desktop":{"background-color":"","background-image":"","background-repeat":"repeat","background-position":"center center","background-size":"auto","background-attachment":"scroll","background-type":"","background-media":"","overlay-type":"","overlay-color":"","overlay-opacity":"","overlay-gradient":""},"tablet":{"background-color":"","background-image":"","background-repeat":"repeat","background-position":"center center","background-size":"auto","background-attachment":"scroll","background-type":"","background-media":"","overlay-type":"","overlay-color":"","overlay-opacity":"","overlay-gradient":""},"mobile":{"background-color":"","background-image":"","background-repeat":"repeat","background-position":"center center","background-size":"auto","background-attachment":"scroll","background-type":"","background-media":"","overlay-type":"","overlay-color":"","overlay-opacity":"","overlay-gradient":""}},"ast-content-background-meta":{"desktop":{"background-color":"var(--ast-global-color-5)","background-image":"","background-repeat":"repeat","background-position":"center center","background-size":"auto","background-attachment":"scroll","background-type":"","background-media":"","overlay-type":"","overlay-color":"","overlay-opacity":"","overlay-gradient":""},"tablet":{"background-color":"var(--ast-global-color-5)","background-image":"","background-repeat":"repeat","background-position":"center center","background-size":"auto","background-attachment":"scroll","background-type":"","background-media":"","overlay-type":"","overlay-color":"","overlay-opacity":"","overlay-gradient":""},"mobile":{"background-color":"var(--ast-global-color-5)","background-image":"","background-repeat":"repeat","background-position":"center center","background-size":"auto","background-attachment":"scroll","background-type":"","background-media":"","overlay-type":"","overlay-color":"","overlay-opacity":"","overlay-gradient":""}},"footnotes":""},"class_list":["post-1136","page","type-page","status-publish","hentry"],"_links":{"self":[{"href":"https:\/\/royalcollege.pt\/en\/wp-json\/wp\/v2\/pages\/1136","targetHints":{"allow":["GET"]}}],"collection":[{"href":"https:\/\/royalcollege.pt\/en\/wp-json\/wp\/v2\/pages"}],"about":[{"href":"https:\/\/royalcollege.pt\/en\/wp-json\/wp\/v2\/types\/page"}],"author":[{"embeddable":true,"href":"https:\/\/royalcollege.pt\/en\/wp-json\/wp\/v2\/users\/1"}],"replies":[{"embeddable":true,"href":"https:\/\/royalcollege.pt\/en\/wp-json\/wp\/v2\/comments?post=1136"}],"version-history":[{"count":0,"href":"https:\/\/royalcollege.pt\/en\/wp-json\/wp\/v2\/pages\/1136\/revisions"}],"wp:attachment":[{"href":"https:\/\/royalcollege.pt\/en\/wp-json\/wp\/v2\/media?parent=1136"}],"curies":[{"name":"wp","href":"https:\/\/api.w.org\/{rel}","templated":true}]}}